{"id":2352,"date":"2020-02-14T13:56:27","date_gmt":"2020-02-14T13:56:27","guid":{"rendered":"http:\/\/handwerkjuffie.com\/?post_type=product&#038;p=2352"},"modified":"2026-02-07T14:55:28","modified_gmt":"2026-02-07T14:55:28","slug":"haakpatroon-babydeken-bente","status":"publish","type":"product","link":"https:\/\/handwerkjuffie.com\/?product=haakpatroon-babydeken-bente","title":{"rendered":"Haakpatroon &#8216;Babydeken Bente&#8217;"},"content":{"rendered":"<p><strong>Digitaal haakpatroon<\/strong><\/p>\n<p>NOTE: THIS PATTERN IS ONLY AVAILABLE IN DUTCH.<\/p>\n<p>Een kleurencombinatie en patroon ge\u00efnspireerd op handwerken uit Scandinavi\u00eb. Eenvoudig, maar door de reli\u00ebfsteek en subtiele details toch bijzonder.\u00a0Het is afwisselend haken van basispatroon en verschillende randen. De witte &#8216;opengewerkte&#8217; randen met lichtgrijs accent geven door de structuur een prachtig effect. En dan de geblokte boord. In twee kleuren, stevig en aan beide kanten gelijk. Een fijne deken om te haken in de afmeting die bij jou past; in de babykamer of op de bank.<\/p>\n<p>In de deken zijn wel 4 patronen verwerkt, die ook individueel in jouw andere haakprojecten kunnen worden toegepast. Het patroon is geschikt voor beginnende en gevorderde haaksters.<\/p>\n<p>Het digitaal haakpatroon (NL) bestaat uit een PDF van 8 pagina\u2019s (4 A4&#8217;s) met een duidelijke Nederlandse beschrijving van de gebruikte steken, rand en patroon. Je vindt er veel duidelijke stap-voor-stap kleurenfoto&#8217;s en haakdiagrams.. Na betaling ontvang je DIRECT een mail met link naar een te downloaden PDF-bestand. Je kan hem openen met bijvoorbeeld Adobe Acrobat Reader en zelf eventueel printen. Je ontvangt geen fysiek product.<\/p>\n<p><strong>Het patroon biedt:<br \/>\n<\/strong>\u2022 Veel stap-voor-stap foto&#8217;s<br \/>\n\u2022 4 Verschillende haaksteken<br \/>\n\u2022 Duidelijke beschrijving gebruikte haaksteken<br \/>\n\u2022 Haakschema van patroon en iedere gebruikte steek<br \/>\n\u2022 Goed leesbaar en professionele opmaak<\/p>\n<p><strong>Wat heb je nodig?<\/strong><br \/>\n\u2022 Digitaal haakpatroon &#8216;Babydeken Bente&#8217;<br \/>\n<span class=\"s1\">\u2022<\/span> Haaknaald nr. 5 en 6 mm<span class=\"s3\"><br \/>\n<\/span><span class=\"s1\">\u2022<\/span>\u00a0Royal, Zeeman; 3x mint, 2x wit, 1x lichtgrijs<i><br \/>\n<\/i><span class=\"s1\">\u2022 Schaar<br \/>\n\u2022 <\/span>Stompe naald<br \/>\n<span class=\"s1\">\u2022 <\/span>Haakplezier \ud83d\ude09<\/p>\n<p><strong>Meer haken?<\/strong><br \/>\nOp Handwerkjuffie.com vind je nog meer inspirerende patronen voor handwerken.<\/p>\n<p><strong>Auteursrecht<\/strong><br \/>\n<em>Het auteursrecht houdt in het kort in dat alleen de auteur het recht heeft om de inhoud te delen met\u00a0<\/em><em>anderen. Iemand die een patroon (of ontwerp) koopt, koopt daarmee alleen het recht om met de instructie aan de slag te gaan.Dit product kan na bestelling niet geretourneerd worden.\u00a0Het patroon zelf is en blijft eigendom van Handwerkjuffie en mag &#8211; op geen enkele manier &#8211; zonder toestemming vermenigvuldigd worden door een ander. Je mag dus geen kopie\u00ebn maken en het patroon doorgeven\/-verkopen en\/of in pdf (of andere digitale vorm) doorsturen of verspreiden. Foto\u2019s maken van de inhoud van het patroon en deze verspreiden is ook niet toegestaan. Het patroon is alleen bestemd voor persoonlijk gebruik, verkoop van babydeken Bente is niet toegestaan.<\/em><\/p>\n<p>Ontwerp (digitaal) haakpatroon: Stephanie Brouwer-Haytink, Handwerkjuffie.nl, 2020<\/p>\n","protected":false},"excerpt":{"rendered":"<p><strong>Digitaal haakpatroon<\/strong><\/p>\n<p class=\"p1\"><span class=\"s1\">Het is zo\u2019n heerlijk patroon om te haken. Of je nu een beginnende haakster bent of een echte pro. Hij is afwisselend en je leert wel 4 soorten steken te haken, van een reli\u00ebf steek tot bijzondere randen.\u00a0Maak hem in het garen en afmeting die bij jou past.<\/span><\/p>\n<p>Een zachte, comfortabele deken. S<span class=\"s1\">ubtiel en basic. Een deken met een Noors randje voor in de wieg of op de bank. En vooral Scandinavisch!<\/span><\/p>\n<p>Haak je liever een shawl met deze steek? Kijk dan even bij de <a href=\"http:\/\/handwerkjuffie.com\/?product=haakpatroon-nordic-nora-shawl\">NORDIC NORA<\/a> shawl.<\/p>\n","protected":false},"featured_media":2354,"comment_status":"open","ping_status":"closed","template":"","meta":[],"product_brand":[],"product_cat":[16],"product_tag":[35,73,27,70,72,75,36,32,74],"class_list":{"0":"post-2352","1":"product","2":"type-product","3":"status-publish","4":"has-post-thumbnail","6":"product_cat-haakpatronen-nl","7":"product_tag-baby","8":"product_tag-boordsteek","9":"product_tag-deken","10":"product_tag-omslagdoek","11":"product_tag-reliefsteek","12":"product_tag-royal","13":"product_tag-shawl","14":"product_tag-woonkamer","15":"product_tag-zeeman","17":"first","18":"instock","19":"downloadable","20":"taxable","21":"shipping-taxable","22":"purchasable","23":"product-type-simple"},"jetpack_sharing_enabled":true,"_links":{"self":[{"href":"https:\/\/handwerkjuffie.com\/index.php?rest_route=\/wp\/v2\/product\/2352","targetHints":{"allow":["GET"]}}],"collection":[{"href":"https:\/\/handwerkjuffie.com\/index.php?rest_route=\/wp\/v2\/product"}],"about":[{"href":"https:\/\/handwerkjuffie.com\/index.php?rest_route=\/wp\/v2\/types\/product"}],"replies":[{"embeddable":true,"href":"https:\/\/handwerkjuffie.com\/index.php?rest_route=%2Fwp%2Fv2%2Fcomments&post=2352"}],"wp:featuredmedia":[{"embeddable":true,"href":"https:\/\/handwerkjuffie.com\/index.php?rest_route=\/wp\/v2\/media\/2354"}],"wp:attachment":[{"href":"https:\/\/handwerkjuffie.com\/index.php?rest_route=%2Fwp%2Fv2%2Fmedia&parent=2352"}],"wp:term":[{"taxonomy":"product_brand","embeddable":true,"href":"https:\/\/handwerkjuffie.com\/index.php?rest_route=%2Fwp%2Fv2%2Fproduct_brand&post=2352"},{"taxonomy":"product_cat","embeddable":true,"href":"https:\/\/handwerkjuffie.com\/index.php?rest_route=%2Fwp%2Fv2%2Fproduct_cat&post=2352"},{"taxonomy":"product_tag","embeddable":true,"href":"https:\/\/handwerkjuffie.com\/index.php?rest_route=%2Fwp%2Fv2%2Fproduct_tag&post=2352"}],"curies":[{"name":"wp","href":"https:\/\/api.w.org\/{rel}","templated":true}]}}